{"id":7,"date":"2024-01-13T19:12:00","date_gmt":"2024-01-13T19:12:00","guid":{"rendered":"https:\/\/rbvabogados.com\/?page_id=7"},"modified":"2025-05-14T22:09:42","modified_gmt":"2025-05-14T22:09:42","slug":"home","status":"publish","type":"page","link":"https:\/\/rbvabogados.com\/","title":{"rendered":"Ronderos Buraglia Abogados"},"content":{"rendered":"\n<div class=\"wp-block-cover alignfull is-light\" style=\"min-height:700px\"><span aria-hidden=\"true\" class=\"wp-block-cover__background has-background-dim-0 has-background-dim\"><\/span><img loading=\"lazy\" decoding=\"async\" width=\"1919\" height=\"2560\" class=\"wp-block-cover__image-background wp-image-31\" alt=\"\" src=\"https:\/\/rbvabogados.com\/wp-content\/uploads\/2024\/01\/kenta-kariya-PuJorxHE78c-unsplash-scaled.jpg\" style=\"object-position:70% 27%\" data-object-fit=\"cover\" data-object-position=\"70% 27%\" srcset=\"https:\/\/rbvabogados.com\/wp-content\/uploads\/2024\/01\/kenta-kariya-PuJorxHE78c-unsplash-scaled.jpg 1919w, https:\/\/rbvabogados.com\/wp-content\/uploads\/2024\/01\/kenta-kariya-PuJorxHE78c-unsplash-225x300.jpg 225w, https:\/\/rbvabogados.com\/wp-content\/uploads\/2024\/01\/kenta-kariya-PuJorxHE78c-unsplash-768x1024.jpg 768w, https:\/\/rbvabogados.com\/wp-content\/uploads\/2024\/01\/kenta-kariya-PuJorxHE78c-unsplash-1152x1536.jpg 1152w, https:\/\/rbvabogados.com\/wp-content\/uploads\/2024\/01\/kenta-kariya-PuJorxHE78c-unsplash-1536x2048.jpg 1536w\" sizes=\"(max-width: 1919px) 100vw, 1919px\" \/><div class=\"wp-block-cover__inner-container is-layout-flow wp-block-cover-is-layout-flow\">\n<div style=\"height:80px\" aria-hidden=\"true\" class=\"wp-block-spacer\"><\/div>\n\n\n\n<p><\/p>\n\n\n\n<p class=\"has-text-align-center has-text-color\" style=\"color:#121212;font-size:17px\"><\/p>\n\n\n\n<div style=\"height:80px\" aria-hidden=\"true\" class=\"wp-block-spacer\"><\/div>\n\n\n\n<div style=\"height:80px\" aria-hidden=\"true\" class=\"wp-block-spacer\"><\/div>\n\n\n\n<p>R<\/p>\n\n\n\n<p><\/p>\n\n\n\n<p><\/p>\n\n\n\n<p><\/p>\n\n\n\n<p><\/p>\n\n\n\n<p><\/p>\n\n\n\n<p><\/p>\n\n\n\n<p class=\"has-text-align-right has-nv-site-bg-color has-text-color has-link-color has-x-large-font-size wp-elements-41398b27a95815fa882b8cf637ac6324\"><\/p>\n<\/div><\/div>\n\n\n\n<div style=\"height:80px\" aria-hidden=\"true\" class=\"wp-block-spacer\"><\/div>\n\n\n\n<div class=\"wp-block-columns is-layout-flex wp-container-core-columns-layout-1 wp-block-columns-is-layout-flex\">\n<div class=\"wp-block-column is-layout-flow wp-block-column-is-layout-flow\"><div class=\"wp-block-image is-resized icon-style is-style-default\">\n<figure class=\"aligncenter\"><img decoding=\"async\" src=\"https:\/\/rbvabogados.com\/wp-content\/themes\/neve\/assets\/img\/starter-content\/icon-03.svg\" alt=\"\"\/><\/figure><\/div>\n\n\n<div style=\"height:20px\" aria-hidden=\"true\" class=\"wp-block-spacer\"><\/div>\n\n\n\n<h3 class=\"wp-block-heading has-text-align-center has-neve-text-color-color has-text-color\">Asesor\u00eda en Derecho de la empresa.<\/h3>\n\n\n\n<ul>\n<li>Derecho Tributario<\/li>\n\n\n\n<li>Derecho Laboral<\/li>\n\n\n\n<li>Derecho Societario<\/li>\n\n\n\n<li>Comprende una asesor\u00eda integral para las empresas, ofreciendo un servicio especializado para cada una de las \u00e1reas mencionadas.<\/li>\n<\/ul>\n\n\n\n<div style=\"height:20px\" aria-hidden=\"true\" class=\"wp-block-spacer\"><\/div>\n<\/div>\n\n\n\n<div class=\"wp-block-column is-layout-flow wp-block-column-is-layout-flow\"><div class=\"wp-block-image is-resized icon-style is-style-default\">\n<figure class=\"aligncenter\"><img decoding=\"async\" src=\"https:\/\/rbvabogados.com\/wp-content\/themes\/neve\/assets\/img\/starter-content\/icon-02.svg\" alt=\"\"\/><\/figure><\/div>\n\n\n<div style=\"height:20px\" aria-hidden=\"true\" class=\"wp-block-spacer\"><\/div>\n\n\n\n<h3 class=\"wp-block-heading has-text-align-center has-neve-text-color-color has-text-color\">Asesor\u00eda en Contrataci\u00f3n Estatal<\/h3>\n\n\n\n<p class=\"has-text-align-center\">Comprende el acompa\u00f1amiento total en la adjudicaci\u00f3n de contratos con Entidades del Estado, desde la creaci\u00f3n del Registro \u00danico de Proponentes (RUP), la participaci\u00f3n en los procesos de selecci\u00f3n, interposici\u00f3n de recursos, la ejecuci\u00f3n y desarrollo del contrato, procesos sancionatorios y entrega final del objeto contratado.<\/p>\n\n\n\n<div style=\"height:20px\" aria-hidden=\"true\" class=\"wp-block-spacer\"><\/div>\n<\/div>\n\n\n\n<div class=\"wp-block-column is-layout-flow wp-block-column-is-layout-flow\"><div class=\"wp-block-image is-resized icon-style is-style-rounded\">\n<figure class=\"aligncenter\"><img decoding=\"async\" src=\"https:\/\/rbvabogados.com\/wp-content\/themes\/neve\/assets\/img\/starter-content\/icon-01.svg\" alt=\"\"\/><\/figure><\/div>\n\n\n<div style=\"height:20px\" aria-hidden=\"true\" class=\"wp-block-spacer\"><\/div>\n\n\n\n<h3 class=\"wp-block-heading has-text-align-center has-neve-text-color-color has-text-color\">Litigio y Representaci\u00f3n Judicial<strong>&nbsp;<\/strong><\/h3>\n\n\n\n<div style=\"height:20px\" aria-hidden=\"true\" class=\"wp-block-spacer\"><\/div>\n\n\n\n<ul>\n<li>Derecho Civil<\/li>\n\n\n\n<li>Derecho Comercial<\/li>\n\n\n\n<li>Derecho Administrativo<\/li>\n\n\n\n<li>Derecho Inmobiliario<\/li>\n<\/ul>\n\n\n\n<p><\/p>\n<\/div>\n<\/div>\n\n\n\n<div style=\"height:80px\" aria-hidden=\"true\" class=\"wp-block-spacer\"><\/div>\n\n\n\n<div class=\"wp-block-cover alignfull is-light\" style=\"min-height:600px\"><span aria-hidden=\"true\" class=\"wp-block-cover__background has-nv-light-bg-background-color has-background-dim-100 has-background-dim\"><\/span><div class=\"wp-block-cover__inner-container is-layout-flow wp-block-cover-is-layout-flow\">\n<div class=\"wp-block-group is-layout-flow wp-block-group-is-layout-flow\"><div class=\"wp-block-group__inner-container\">\n<div style=\"height:80px\" aria-hidden=\"true\" class=\"wp-block-spacer\"><\/div>\n\n\n\n<div class=\"wp-block-columns are-vertically-aligned-center is-layout-flex wp-container-core-columns-layout-2 wp-block-columns-is-layout-flex\">\n<div class=\"wp-block-column is-vertically-aligned-center is-layout-flow wp-block-column-is-layout-flow\" style=\"flex-basis:50%\">\n<figure class=\"wp-block-image size-large\"><img loading=\"lazy\" decoding=\"async\" width=\"768\" height=\"1024\" src=\"https:\/\/rbvabogados.com\/wp-content\/uploads\/2024\/01\/arno-senoner-k6Ro2lhMMTc-unsplash-768x1024.jpg\" alt=\"\" class=\"wp-image-33\" srcset=\"https:\/\/rbvabogados.com\/wp-content\/uploads\/2024\/01\/arno-senoner-k6Ro2lhMMTc-unsplash-768x1024.jpg 768w, https:\/\/rbvabogados.com\/wp-content\/uploads\/2024\/01\/arno-senoner-k6Ro2lhMMTc-unsplash-225x300.jpg 225w, https:\/\/rbvabogados.com\/wp-content\/uploads\/2024\/01\/arno-senoner-k6Ro2lhMMTc-unsplash-1152x1536.jpg 1152w, https:\/\/rbvabogados.com\/wp-content\/uploads\/2024\/01\/arno-senoner-k6Ro2lhMMTc-unsplash-1536x2048.jpg 1536w, https:\/\/rbvabogados.com\/wp-content\/uploads\/2024\/01\/arno-senoner-k6Ro2lhMMTc-unsplash-scaled.jpg 1920w\" sizes=\"(max-width: 768px) 100vw, 768px\" \/><\/figure>\n<\/div>\n\n\n\n<div class=\"wp-block-column is-vertically-aligned-center is-layout-flow wp-block-column-is-layout-flow\" style=\"flex-basis:50%\">\n<div style=\"height:20px\" aria-hidden=\"true\" class=\"wp-block-spacer\"><\/div>\n\n\n\n<h2 class=\"wp-block-heading has-text-align-left has-neve-text-color-color has-text-color\">Qui\u00e9nes somos<\/h2>\n\n\n\n<p class=\"has-text-align-left has-neve-text-color-color has-text-color\" style=\"font-size:17px\">Somos una firma de abogados enfocada en la atenci\u00f3n especializada y personalizada &nbsp;en Derecho de la Empresa, Derecho de la Contrataci\u00f3n Estatal, Derecho Corporativo y Derecho Inmobiliario, atendiendo cada asunto con la especialidad requerida, ofreciendo un servicio de la m\u00e1s alta categor\u00eda.<\/p>\n\n\n\n<div class=\"wp-block-buttons is-content-justification-left is-layout-flex wp-container-core-buttons-layout-1 wp-block-buttons-is-layout-flex\">\n<div class=\"wp-block-button is-style-primary\"><a class=\"wp-block-button__link wp-element-button\" href=\"#\">Nuestro equipo<\/a><\/div>\n<\/div>\n<\/div>\n<\/div>\n\n\n\n<div style=\"height:40px\" aria-hidden=\"true\" class=\"wp-block-spacer\"><\/div>\n<\/div><\/div>\n<\/div><\/div>\n\n\n\n<div class=\"wp-block-cover alignfull is-light\" style=\"min-height:600px\"><span aria-hidden=\"true\" class=\"wp-block-cover__background has-nv-site-bg-background-color has-background-dim-100 has-background-dim\"><\/span><div class=\"wp-block-cover__inner-container is-layout-flow wp-block-cover-is-layout-flow\">\n<div class=\"wp-block-group is-layout-flow wp-block-group-is-layout-flow\"><div class=\"wp-block-group__inner-container\">\n<div style=\"height:80px\" aria-hidden=\"true\" class=\"wp-block-spacer\"><\/div>\n\n\n\n<div class=\"wp-block-columns are-vertically-aligned-center is-layout-flex wp-container-core-columns-layout-3 wp-block-columns-is-layout-flex\">\n<div class=\"wp-block-column is-vertically-aligned-center is-layout-flow wp-block-column-is-layout-flow\" style=\"flex-basis:50%\">\n<h2 class=\"wp-block-heading has-text-align-left has-neve-text-color-color has-text-color\">Oferta de valor<\/h2>\n\n\n\n<p class=\"has-text-align-left has-neve-text-color-color has-text-color\" style=\"font-size:17px\">Nos caracterizamos por ofrecer un servicio personalizado y directo a trav\u00e9s de los socios de nuestra firma, atendiendo nuestros procesos y casos personalmente, explicando a nuestros clientes el detalle de cada paso a seguir en las asesor\u00edas que prestamos, ofreciendo de \u00e9sta manera un acompa\u00f1amiento en tiempo real por parte de los interesados.<\/p>\n<\/div>\n\n\n\n<div class=\"wp-block-column is-vertically-aligned-center is-layout-flow wp-block-column-is-layout-flow\" style=\"flex-basis:50%\">\n<figure class=\"wp-block-image size-large\"><img loading=\"lazy\" decoding=\"async\" width=\"1024\" height=\"683\" src=\"https:\/\/rbvabogados.com\/wp-content\/uploads\/2024\/01\/hunters-race-MYbhN8KaaEc-unsplash-1024x683.jpg\" alt=\"\" class=\"wp-image-39\" srcset=\"https:\/\/rbvabogados.com\/wp-content\/uploads\/2024\/01\/hunters-race-MYbhN8KaaEc-unsplash-1024x683.jpg 1024w, https:\/\/rbvabogados.com\/wp-content\/uploads\/2024\/01\/hunters-race-MYbhN8KaaEc-unsplash-300x200.jpg 300w, https:\/\/rbvabogados.com\/wp-content\/uploads\/2024\/01\/hunters-race-MYbhN8KaaEc-unsplash-768x512.jpg 768w, https:\/\/rbvabogados.com\/wp-content\/uploads\/2024\/01\/hunters-race-MYbhN8KaaEc-unsplash-1536x1024.jpg 1536w, https:\/\/rbvabogados.com\/wp-content\/uploads\/2024\/01\/hunters-race-MYbhN8KaaEc-unsplash-2048x1365.jpg 2048w, https:\/\/rbvabogados.com\/wp-content\/uploads\/2024\/01\/hunters-race-MYbhN8KaaEc-unsplash-930x620.jpg 930w\" sizes=\"(max-width: 1024px) 100vw, 1024px\" \/><\/figure>\n<\/div>\n<\/div>\n\n\n\n<div style=\"height:40px\" aria-hidden=\"true\" class=\"wp-block-spacer\"><\/div>\n<\/div><\/div>\n<\/div><\/div>\n\n\n\n<div class=\"wp-block-cover alignfull is-light\" style=\"min-height:600px\"><span aria-hidden=\"true\" class=\"wp-block-cover__background has-nv-dark-bg-background-color has-background-dim-100 has-background-dim\"><\/span><div class=\"wp-block-cover__inner-container is-layout-flow wp-block-cover-is-layout-flow\">\n<div class=\"wp-block-group is-layout-flow wp-block-group-is-layout-flow\"><div class=\"wp-block-group__inner-container\">\n<div style=\"height:80px\" aria-hidden=\"true\" class=\"wp-block-spacer\"><\/div>\n\n\n\n<div class=\"wp-block-columns are-vertically-aligned-center is-layout-flex wp-container-core-columns-layout-4 wp-block-columns-is-layout-flex\">\n<div class=\"wp-block-column is-vertically-aligned-center is-layout-flow wp-block-column-is-layout-flow\" style=\"flex-basis:50%\">\n<figure class=\"wp-block-image size-large is-resized\"><img loading=\"lazy\" decoding=\"async\" width=\"1024\" height=\"683\" src=\"https:\/\/rbvabogados.com\/wp-content\/uploads\/2024\/02\/giammarco-boscaro-zeH-ljawHtg-unsplash-1024x683.jpg\" alt=\"\" class=\"wp-image-72\" style=\"width:573px;height:auto\" srcset=\"https:\/\/rbvabogados.com\/wp-content\/uploads\/2024\/02\/giammarco-boscaro-zeH-ljawHtg-unsplash-1024x683.jpg 1024w, https:\/\/rbvabogados.com\/wp-content\/uploads\/2024\/02\/giammarco-boscaro-zeH-ljawHtg-unsplash-300x200.jpg 300w, https:\/\/rbvabogados.com\/wp-content\/uploads\/2024\/02\/giammarco-boscaro-zeH-ljawHtg-unsplash-768x512.jpg 768w, https:\/\/rbvabogados.com\/wp-content\/uploads\/2024\/02\/giammarco-boscaro-zeH-ljawHtg-unsplash-1536x1024.jpg 1536w, https:\/\/rbvabogados.com\/wp-content\/uploads\/2024\/02\/giammarco-boscaro-zeH-ljawHtg-unsplash-2048x1365.jpg 2048w, https:\/\/rbvabogados.com\/wp-content\/uploads\/2024\/02\/giammarco-boscaro-zeH-ljawHtg-unsplash-930x620.jpg 930w\" sizes=\"(max-width: 1024px) 100vw, 1024px\" \/><\/figure>\n<\/div>\n\n\n\n<div class=\"wp-block-column is-vertically-aligned-center is-layout-flow wp-block-column-is-layout-flow\" style=\"flex-basis:50%\">\n<div style=\"height:40px\" aria-hidden=\"true\" class=\"wp-block-spacer\"><\/div>\n\n\n\n<h2 class=\"wp-block-heading has-text-align-left has-nv-text-dark-bg-color has-text-color\">Servicios adicionales legales<\/h2>\n\n\n\n<p><mark style=\"background-color:rgba(0, 0, 0, 0)\" class=\"has-inline-color has-nv-light-bg-color\"><strong>Litigio en responsabilidad Contractual y extracontractual del Estado: <\/strong><br>Corresponde a los procesos Administrativos y sancionatorios que se adelanten al interior de las entidades, as\u00ed como los procesos Judiciales que se adelanten en los que sea parte alguna entidad del Estado.<\/mark><\/p>\n\n\n\n<p><mark style=\"background-color:rgba(0, 0, 0, 0)\" class=\"has-inline-color has-nv-light-bg-color\"><strong>Procesos Ejecutivos:<\/strong> Se basa en el cobro de las deudas que se encuentren respaldadas en un T\u00edtulo Valor y que ser\u00e1n recaudadas a trav\u00e9s de un proceso judicial.<\/mark><br><br><mark style=\"background-color:rgba(0, 0, 0, 0)\" class=\"has-inline-color has-nv-light-bg-color\"><strong>Derecho Inmobiliario<br>Derecho Civil<br>Acciones Constitucionales: <\/strong>Tutelas, Acciones de Inconstitucionalidad, Acciones populares y de Grupo.<br><\/mark><br><\/p>\n\n\n\n<div class=\"wp-block-buttons is-content-justification-left is-layout-flex wp-container-core-buttons-layout-2 wp-block-buttons-is-layout-flex\"><\/div>\n<\/div>\n<\/div>\n\n\n\n<div style=\"height:40px\" aria-hidden=\"true\" class=\"wp-block-spacer\"><\/div>\n<\/div><\/div>\n<\/div><\/div>\n\n\n\n<div style=\"height:40px\" aria-hidden=\"true\" class=\"wp-block-spacer\"><\/div>\n\n\n\n<div class=\"wp-block-cover alignfull is-light\" style=\"min-height:600px\"><span aria-hidden=\"true\" class=\"wp-block-cover__background has-nv-site-bg-background-color has-background-dim-100 has-background-dim\"><\/span><div class=\"wp-block-cover__inner-container is-layout-flow wp-block-cover-is-layout-flow\">\n<div class=\"wp-block-group is-layout-flow wp-block-group-is-layout-flow\"><div class=\"wp-block-group__inner-container\">\n<div style=\"height:80px\" aria-hidden=\"true\" class=\"wp-block-spacer\"><\/div>\n\n\n\n<h2 class=\"wp-block-heading has-neve-text-color-color has-text-color\">Nuestro compromiso va de la mano con la excelencia<\/h2>\n\n\n\n<div style=\"height:20px\" aria-hidden=\"true\" class=\"wp-block-spacer\"><\/div>\n\n\n\n<div class=\"wp-block-columns are-vertically-aligned-center is-layout-flex wp-container-core-columns-layout-5 wp-block-columns-is-layout-flex\">\n<div class=\"wp-block-column is-vertically-aligned-center is-layout-flow wp-block-column-is-layout-flow\" style=\"flex-basis:50%\">\n<figure class=\"wp-block-image size-full is-resized\"><img loading=\"lazy\" decoding=\"async\" width=\"2560\" height=\"1440\" src=\"https:\/\/rbvabogados.com\/wp-content\/uploads\/2024\/02\/flavia-carpio-P3PFi8THbUs-unsplash-scaled.jpg\" alt=\"\" class=\"wp-image-81\" style=\"width:574px;height:auto\" srcset=\"https:\/\/rbvabogados.com\/wp-content\/uploads\/2024\/02\/flavia-carpio-P3PFi8THbUs-unsplash-scaled.jpg 2560w, https:\/\/rbvabogados.com\/wp-content\/uploads\/2024\/02\/flavia-carpio-P3PFi8THbUs-unsplash-300x169.jpg 300w, https:\/\/rbvabogados.com\/wp-content\/uploads\/2024\/02\/flavia-carpio-P3PFi8THbUs-unsplash-1024x576.jpg 1024w, https:\/\/rbvabogados.com\/wp-content\/uploads\/2024\/02\/flavia-carpio-P3PFi8THbUs-unsplash-768x432.jpg 768w, https:\/\/rbvabogados.com\/wp-content\/uploads\/2024\/02\/flavia-carpio-P3PFi8THbUs-unsplash-1536x864.jpg 1536w, https:\/\/rbvabogados.com\/wp-content\/uploads\/2024\/02\/flavia-carpio-P3PFi8THbUs-unsplash-2048x1152.jpg 2048w\" sizes=\"(max-width: 2560px) 100vw, 2560px\" \/><\/figure>\n\n\n\n<div style=\"height:40px\" aria-hidden=\"true\" class=\"wp-block-spacer\"><\/div>\n<\/div>\n\n\n\n<div class=\"wp-block-column is-vertically-aligned-center is-layout-flow wp-block-column-is-layout-flow\" style=\"flex-basis:50%\">\n<figure class=\"wp-block-image size-large\"><img loading=\"lazy\" decoding=\"async\" width=\"1024\" height=\"588\" src=\"https:\/\/rbvabogados.com\/wp-content\/uploads\/2024\/02\/victor-rodriguez-_5GUMq5TgXw-unsplash-1024x588.jpg\" alt=\"\" class=\"wp-image-83\" srcset=\"https:\/\/rbvabogados.com\/wp-content\/uploads\/2024\/02\/victor-rodriguez-_5GUMq5TgXw-unsplash-1024x588.jpg 1024w, https:\/\/rbvabogados.com\/wp-content\/uploads\/2024\/02\/victor-rodriguez-_5GUMq5TgXw-unsplash-300x172.jpg 300w, https:\/\/rbvabogados.com\/wp-content\/uploads\/2024\/02\/victor-rodriguez-_5GUMq5TgXw-unsplash-768x441.jpg 768w, https:\/\/rbvabogados.com\/wp-content\/uploads\/2024\/02\/victor-rodriguez-_5GUMq5TgXw-unsplash-1536x883.jpg 1536w, https:\/\/rbvabogados.com\/wp-content\/uploads\/2024\/02\/victor-rodriguez-_5GUMq5TgXw-unsplash-2048x1177.jpg 2048w\" sizes=\"(max-width: 1024px) 100vw, 1024px\" \/><\/figure>\n\n\n\n<div style=\"height:40px\" aria-hidden=\"true\" class=\"wp-block-spacer\"><\/div>\n<\/div>\n<\/div>\n\n\n\n<div style=\"height:40px\" aria-hidden=\"true\" class=\"wp-block-spacer\"><\/div>\n<\/div><\/div>\n<\/div><\/div>\n\n\n\n<div class=\"wp-block-cover alignfull is-light\" style=\"min-height:420px\"><span aria-hidden=\"true\" class=\"wp-block-cover__background has-nv-light-bg-background-color has-background-dim-100 has-background-dim\"><\/span><div class=\"wp-block-cover__inner-container is-layout-flow wp-block-cover-is-layout-flow\">\n<div style=\"height:80px\" aria-hidden=\"true\" class=\"wp-block-spacer\"><\/div>\n\n\n\n<div class=\"wp-block-columns is-layout-flex wp-container-core-columns-layout-6 wp-block-columns-is-layout-flex\">\n<div class=\"wp-block-column is-layout-flow wp-block-column-is-layout-flow\">\n<div style=\"height:24px\" aria-hidden=\"true\" class=\"wp-block-spacer\"><\/div>\n\n\n\n<p class=\"has-text-align-left has-neve-text-color-color has-text-color has-normal-font-size\"><\/p>\n\n\n\n<div style=\"height:20px\" aria-hidden=\"true\" class=\"wp-block-spacer\"><\/div>\n<\/div>\n<\/div>\n\n\n\n<div style=\"height:30px\" aria-hidden=\"true\" class=\"wp-block-spacer\"><\/div>\n<\/div><\/div>\n\n\n\n<div class=\"wp-block-cover alignfull is-light\" style=\"min-height:300px\"><span aria-hidden=\"true\" class=\"wp-block-cover__background has-nv-dark-bg-background-color has-background-dim-100 has-background-dim\"><\/span><div class=\"wp-block-cover__inner-container is-layout-flow wp-block-cover-is-layout-flow\">\n<div style=\"height:140px\" aria-hidden=\"true\" class=\"wp-block-spacer\"><\/div>\n\n\n\n<h2 class=\"wp-block-heading has-text-align-center has-nv-text-dark-bg-color has-text-color\">Contamos con m\u00e1s de 15 a\u00f1os de experiencia<br>en asesor\u00edas legales para diferentes sectores del pa\u00eds.<\/h2>\n\n\n\n<p class=\"has-text-align-center has-medium-font-size\"><\/p>\n\n\n\n<div class=\"wp-block-buttons is-content-justification-center is-layout-flex wp-container-core-buttons-layout-3 wp-block-buttons-is-layout-flex\">\n<div class=\"wp-block-button is-style-primary\"><a class=\"wp-block-button__link wp-element-button\" href=\"#\" target=\"_blank\" rel=\"noreferrer noopener\">Cont\u00e1ctanos<br>info@rbvabogados.com<\/a><\/div>\n<\/div>\n\n\n\n<div style=\"height:140px\" aria-hidden=\"true\" class=\"wp-block-spacer\"><\/div>\n<\/div><\/div>\n","protected":false},"excerpt":{"rendered":"<p>Asesor\u00eda en Derecho de la empresa. Asesor\u00eda en Contrataci\u00f3n Estatal Comprende el acompa\u00f1amiento total en la adjudicaci\u00f3n de contratos con Entidades del Estado, desde la creaci\u00f3n del Registro \u00danico de Proponentes (RUP), la participaci\u00f3n en los procesos de selecci\u00f3n, interposici\u00f3n de recursos, la ejecuci\u00f3n y desarrollo del contrato, procesos sancionatorios y entrega final del objeto&hellip;&nbsp;<a href=\"https:\/\/rbvabogados.com\/\" class=\"\" rel=\"bookmark\">Leer m\u00e1s &raquo;<span class=\"screen-reader-text\">Ronderos Buraglia Abogados<\/span><\/a><\/p>\n","protected":false},"author":1,"featured_media":0,"parent":0,"menu_order":0,"comment_status":"closed","ping_status":"closed","template":"","meta":{"om_disable_all_campaigns":false,"_monsterinsights_skip_tracking":false,"_monsterinsights_sitenote_active":false,"_monsterinsights_sitenote_note":"","_monsterinsights_sitenote_category":0,"neve_meta_sidebar":"","neve_meta_container":"","neve_meta_enable_content_width":"on","neve_meta_content_width":100,"neve_meta_title_alignment":"","neve_meta_author_avatar":"","neve_post_elements_order":"","neve_meta_disable_header":"","neve_meta_disable_footer":"","neve_meta_disable_title":"on","footnotes":""},"aioseo_notices":[],"_links":{"self":[{"href":"https:\/\/rbvabogados.com\/index.php\/wp-json\/wp\/v2\/pages\/7"}],"collection":[{"href":"https:\/\/rbvabogados.com\/index.php\/wp-json\/wp\/v2\/pages"}],"about":[{"href":"https:\/\/rbvabogados.com\/index.php\/wp-json\/wp\/v2\/types\/page"}],"author":[{"embeddable":true,"href":"https:\/\/rbvabogados.com\/index.php\/wp-json\/wp\/v2\/users\/1"}],"replies":[{"embeddable":true,"href":"https:\/\/rbvabogados.com\/index.php\/wp-json\/wp\/v2\/comments?post=7"}],"version-history":[{"count":26,"href":"https:\/\/rbvabogados.com\/index.php\/wp-json\/wp\/v2\/pages\/7\/revisions"}],"predecessor-version":[{"id":103,"href":"https:\/\/rbvabogados.com\/index.php\/wp-json\/wp\/v2\/pages\/7\/revisions\/103"}],"wp:attachment":[{"href":"https:\/\/rbvabogados.com\/index.php\/wp-json\/wp\/v2\/media?parent=7"}],"curies":[{"name":"wp","href":"https:\/\/api.w.org\/{rel}","templated":true}]}}